{"id":1546,"date":"2018-12-08T23:51:28","date_gmt":"2018-12-08T22:51:28","guid":{"rendered":"http:\/\/212.44.102.177\/~visitkarun\/?page_id=1546"},"modified":"2023-12-22T19:00:32","modified_gmt":"2023-12-22T18:00:32","slug":"sobe","status":"publish","type":"page","link":"https:\/\/visitkarun.com\/sl\/sobe\/","title":{"rendered":"SOBE"},"content":{"rendered":"\t\t<div data-elementor-type=\"wp-post\" data-elementor-id=\"1546\" class=\"elementor elementor-1546 elementor-1041\" data-elementor-post-type=\"page\">\n\t\t\t\t\t\t<section class=\"elementor-section elementor-top-section elementor-element elementor-element-6bb5eb8 elementor-section-boxed elementor-section-height-default elementor-section-height-default\" data-id=\"6bb5eb8\" data-element_type=\"section\" data-e-type=\"section\">\n\t\t\t\t\t\t<div class=\"elementor-container elementor-column-gap-default\">\n\t\t\t\t\t<div class=\"elementor-column elementor-col-100 elementor-top-column elementor-element elementor-element-0ae156f\" data-id=\"0ae156f\" data-element_type=\"column\" data-e-type=\"column\">\n\t\t\t<div class=\"elementor-widget-wrap elementor-element-populated\">\n\t\t\t\t\t\t<div class=\"elementor-element elementor-element-21bb057 elementor-widget elementor-widget-text-editor\" data-id=\"21bb057\" data-element_type=\"widget\" data-e-type=\"widget\" data-widget_type=\"text-editor.default\">\n\t\t\t\t<div class=\"elementor-widget-container\">\n\t\t\t\t\t\t\t\t\t<p style=\"text-align: center;\">Nastanitev <strong>Bed &amp; Breakfast Karun<\/strong> je opremljena v <strong>sodobnem rustikalnem stilu<\/strong>. Pohi\u0161tvo iz hrastovega lesa in tople barve, \u0161e posebej temno rde\u010de-rjava barva, so &#8220;rde\u010da nit&#8221; na\u0161e nastanitve. S tem korporativnim dizajnom \u017eelimo dose\u010di, da se po\u010dutite doma\u010de in spro\u0161\u010deno.<\/p>\n<p style=\"text-align: center;\">Razpolagamo z <strong>desetimi dvoposteljnimi sobami in \u0161tirimi enoposteljnimi sobami<\/strong>. V sobo se lahko po potrebi doda otro\u0161ka zlo\u017eljiva posteljica.<\/p>\n\t\t\t\t\t\t\t\t<\/div>\n\t\t\t\t<\/div>\n\t\t\t\t<div class=\"elementor-element elementor-element-3eea2a7 elementor-hidden-desktop elementor-hidden-tablet elementor-position-top elementor-widget elementor-widget-image-box\" data-id=\"3eea2a7\" data-element_type=\"widget\" data-e-type=\"widget\" data-widget_type=\"image-box.default\">\n\t\t\t\t<div class=\"elementor-widget-container\">\n\t\t\t\t\t<div class=\"elementor-image-box-wrapper\"><figure class=\"elementor-image-box-img\"><a href=\"https:\/\/visitkarun.comsingle-room\/\" tabindex=\"-1\"><img fetchpriority=\"high\" decoding=\"async\" width=\"2000\" height=\"1260\" src=\"https:\/\/visitkarun.com\/wp-content\/uploads\/2018\/11\/Humar_sobe_022_2000x1260-1.jpg\" class=\"elementor-animation-shrink attachment-full size-full wp-image-720\" alt=\"\" title=\"\" srcset=\"https:\/\/visitkarun.com\/wp-content\/uploads\/2018\/11\/Humar_sobe_022_2000x1260-1.jpg 2000w, https:\/\/visitkarun.com\/wp-content\/uploads\/2018\/11\/Humar_sobe_022_2000x1260-1-300x189.jpg 300w, https:\/\/visitkarun.com\/wp-content\/uploads\/2018\/11\/Humar_sobe_022_2000x1260-1-768x484.jpg 768w, https:\/\/visitkarun.com\/wp-content\/uploads\/2018\/11\/Humar_sobe_022_2000x1260-1-1024x645.jpg 1024w, https:\/\/visitkarun.com\/wp-content\/uploads\/2018\/11\/Humar_sobe_022_2000x1260-1-600x378.jpg 600w\" sizes=\"(max-width: 2000px) 100vw, 2000px\" \/><\/a><\/figure><div class=\"elementor-image-box-content\"><h3 class=\"elementor-image-box-title\"><a href=\"https:\/\/visitkarun.comsingle-room\/\">ENOPOSTELJNA SOBA<\/a><\/h3><\/div><\/div>\t\t\t\t<\/div>\n\t\t\t\t<\/div>\n\t\t\t\t<div class=\"elementor-element elementor-element-c6c8c2c elementor-hidden-desktop elementor-hidden-tablet elementor-position-top elementor-widget elementor-widget-image-box\" data-id=\"c6c8c2c\" data-element_type=\"widget\" data-e-type=\"widget\" data-widget_type=\"image-box.default\">\n\t\t\t\t<div class=\"elementor-widget-container\">\n\t\t\t\t\t<div class=\"elementor-image-box-wrapper\"><figure class=\"elementor-image-box-img\"><a href=\"https:\/\/visitkarun.comsingle-room-wih-balcony\/\" tabindex=\"-1\"><img decoding=\"async\" width=\"2000\" height=\"1400\" src=\"https:\/\/visitkarun.com\/wp-content\/uploads\/2018\/11\/Humar_sobe_020_2000x1400-1.jpg\" class=\"elementor-animation-shrink attachment-full size-full wp-image-719\" alt=\"\" title=\"\" srcset=\"https:\/\/visitkarun.com\/wp-content\/uploads\/2018\/11\/Humar_sobe_020_2000x1400-1.jpg 2000w, https:\/\/visitkarun.com\/wp-content\/uploads\/2018\/11\/Humar_sobe_020_2000x1400-1-300x210.jpg 300w, https:\/\/visitkarun.com\/wp-content\/uploads\/2018\/11\/Humar_sobe_020_2000x1400-1-768x538.jpg 768w, https:\/\/visitkarun.com\/wp-content\/uploads\/2018\/11\/Humar_sobe_020_2000x1400-1-1024x717.jpg 1024w, https:\/\/visitkarun.com\/wp-content\/uploads\/2018\/11\/Humar_sobe_020_2000x1400-1-600x420.jpg 600w\" sizes=\"(max-width: 2000px) 100vw, 2000px\" \/><\/a><\/figure><div class=\"elementor-image-box-content\"><h3 class=\"elementor-image-box-title\"><a href=\"https:\/\/visitkarun.comsingle-room-wih-balcony\/\">ENOPOSTELJNA SOBA Z BALKONOM<\/a><\/h3><\/div><\/div>\t\t\t\t<\/div>\n\t\t\t\t<\/div>\n\t\t\t\t<div class=\"elementor-element elementor-element-f134b0e elementor-hidden-desktop elementor-hidden-tablet elementor-position-top elementor-widget elementor-widget-image-box\" data-id=\"f134b0e\" data-element_type=\"widget\" data-e-type=\"widget\" data-widget_type=\"image-box.default\">\n\t\t\t\t<div class=\"elementor-widget-container\">\n\t\t\t\t\t<div class=\"elementor-image-box-wrapper\"><figure class=\"elementor-image-box-img\"><a href=\"https:\/\/visitkarun.comdouble-room\/\" tabindex=\"-1\"><img decoding=\"async\" width=\"2000\" height=\"1362\" src=\"https:\/\/visitkarun.com\/wp-content\/uploads\/2018\/11\/Humar_sobe_011_2000x1362-1.jpg\" class=\"elementor-animation-shrink attachment-full size-full wp-image-715\" alt=\"\" title=\"\" srcset=\"https:\/\/visitkarun.com\/wp-content\/uploads\/2018\/11\/Humar_sobe_011_2000x1362-1.jpg 2000w, https:\/\/visitkarun.com\/wp-content\/uploads\/2018\/11\/Humar_sobe_011_2000x1362-1-300x204.jpg 300w, https:\/\/visitkarun.com\/wp-content\/uploads\/2018\/11\/Humar_sobe_011_2000x1362-1-768x523.jpg 768w, https:\/\/visitkarun.com\/wp-content\/uploads\/2018\/11\/Humar_sobe_011_2000x1362-1-1024x697.jpg 1024w, https:\/\/visitkarun.com\/wp-content\/uploads\/2018\/11\/Humar_sobe_011_2000x1362-1-600x409.jpg 600w\" sizes=\"(max-width: 2000px) 100vw, 2000px\" \/><\/a><\/figure><div class=\"elementor-image-box-content\"><h3 class=\"elementor-image-box-title\"><a href=\"https:\/\/visitkarun.comdouble-room\/\">DVOPOSTELJNA SOBA<\/a><\/h3><\/div><\/div>\t\t\t\t<\/div>\n\t\t\t\t<\/div>\n\t\t\t\t<div class=\"elementor-element elementor-element-d2ec5ff elementor-hidden-desktop elementor-hidden-tablet elementor-position-top elementor-widget elementor-widget-image-box\" data-id=\"d2ec5ff\" data-element_type=\"widget\" data-e-type=\"widget\" data-widget_type=\"image-box.default\">\n\t\t\t\t<div class=\"elementor-widget-container\">\n\t\t\t\t\t<div class=\"elementor-image-box-wrapper\"><figure class=\"elementor-image-box-img\"><a href=\"https:\/\/visitkarun.comdouble-room-with-balcony\/\" tabindex=\"-1\"><img loading=\"lazy\" decoding=\"async\" width=\"2000\" height=\"1187\" src=\"https:\/\/visitkarun.com\/wp-content\/uploads\/2018\/11\/Humar_sobe_018_2000x1187-1.jpg\" class=\"elementor-animation-shrink attachment-full size-full wp-image-718\" alt=\"\" title=\"\" srcset=\"https:\/\/visitkarun.com\/wp-content\/uploads\/2018\/11\/Humar_sobe_018_2000x1187-1.jpg 2000w, https:\/\/visitkarun.com\/wp-content\/uploads\/2018\/11\/Humar_sobe_018_2000x1187-1-300x178.jpg 300w, https:\/\/visitkarun.com\/wp-content\/uploads\/2018\/11\/Humar_sobe_018_2000x1187-1-768x456.jpg 768w, https:\/\/visitkarun.com\/wp-content\/uploads\/2018\/11\/Humar_sobe_018_2000x1187-1-1024x608.jpg 1024w, https:\/\/visitkarun.com\/wp-content\/uploads\/2018\/11\/Humar_sobe_018_2000x1187-1-600x356.jpg 600w\" sizes=\"(max-width: 2000px) 100vw, 2000px\" \/><\/a><\/figure><div class=\"elementor-image-box-content\"><h3 class=\"elementor-image-box-title\"><a href=\"https:\/\/visitkarun.comdouble-room-with-balcony\/\">DVOPOSTELJNA SOBA Z BALKONOM<\/a><\/h3><\/div><\/div>\t\t\t\t<\/div>\n\t\t\t\t<\/div>\n\t\t\t\t\t<\/div>\n\t\t<\/div>\n\t\t\t\t\t<\/div>\n\t\t<\/section>\n\t\t\t\t<section class=\"elementor-section elementor-top-section elementor-element elementor-element-6042d8b elementor-section-boxed elementor-section-height-default elementor-section-height-default\" data-id=\"6042d8b\" data-element_type=\"section\" data-e-type=\"section\">\n\t\t\t\t\t\t<div class=\"elementor-container elementor-column-gap-default\">\n\t\t\t\t\t<div class=\"elementor-column elementor-col-100 elementor-top-column elementor-element elementor-element-3f6d168\" data-id=\"3f6d168\" data-element_type=\"column\" data-e-type=\"column\">\n\t\t\t<div class=\"elementor-widget-wrap elementor-element-populated\">\n\t\t\t\t\t\t<div class=\"elementor-element elementor-element-6c6efb5 elementor-hidden-phone elementor-widget elementor-widget-eael-image-accordion\" data-id=\"6c6efb5\" data-element_type=\"widget\" data-e-type=\"widget\" data-widget_type=\"eael-image-accordion.default\">\n\t\t\t\t<div class=\"elementor-widget-container\">\n\t\t\t\t\t    <div class=\"eael-img-accordion accordion-direction-horizontal eael-img-accordion-horizontal-align-center eael-img-accordion-vertical-align-center\" id=\"eael-img-accordion-6c6efb5\" data-img-accordion-id=\"6c6efb5\" data-img-accordion-type=\"on-hover\">\n                    \n            <div class=\"eael-image-accordion-hover eael-image-accordion-item\" style=\"background-image: url(https:\/\/visitkarun.com\/wp-content\/uploads\/2019\/02\/Humar_sobe_014-squashed.jpg);\"  tabindex=\"0\">\n                <div class=\"overlay\">\n                                        <div class=\"overlay-inner \">\n                        <a href=\"https:\/\/visitkarun.com\/single-room\/\"><h2 class=\"img-accordion-title\">ENOPOSTELJNA SOBA<\/h2><\/a>                            <p><p>Velikost: 12 m\u00b2<br \/>\u0160t. postelj: 1<\/p>\n<\/p>\n                                            <\/div>\n                <\/div>\n            <\/div>\n                    \n            <div class=\"eael-image-accordion-hover eael-image-accordion-item\" style=\"background-image: url(https:\/\/visitkarun.com\/wp-content\/uploads\/2019\/02\/Humar_sobe_020-squashed.jpg);\"  tabindex=\"0\">\n                <div class=\"overlay\">\n                                        <div class=\"overlay-inner \">\n                        <a href=\"https:\/\/visitkarun.com\/single-room-wih-balcony\/\"><h2 class=\"img-accordion-title\">ENOPOSTELJNA SOBA Z BALKONOM<\/h2><\/a>                            <p><p>Velikost: 13 m\u00b2<br \/>\u0160t. postelj: 1<\/p>\n<\/p>\n                                            <\/div>\n                <\/div>\n            <\/div>\n                <\/div>\n        <style typr=\"text\/css\">\n                    #eael-img-accordion-6c6efb5 .eael-image-accordion-hover:hover {\n                        flex: 3 1 0% !important;\n                    }\n                    #eael-img-accordion-6c6efb5 .eael-image-accordion-hover:hover:hover .overlay-inner * {\n                        opacity: 1;\n                        visibility: visible;\n                        transform: none;\n                        transition: all .3s .3s;\n                    }\n                <\/style>\t\t\t\t<\/div>\n\t\t\t\t<\/div>\n\t\t\t\t<div class=\"elementor-element elementor-element-0388f07 elementor-hidden-phone elementor-widget elementor-widget-eael-image-accordion\" data-id=\"0388f07\" data-element_type=\"widget\" data-e-type=\"widget\" data-widget_type=\"eael-image-accordion.default\">\n\t\t\t\t<div class=\"elementor-widget-container\">\n\t\t\t\t\t    <div class=\"eael-img-accordion accordion-direction-horizontal eael-img-accordion-horizontal-align-center eael-img-accordion-vertical-align-center\" id=\"eael-img-accordion-0388f07\" data-img-accordion-id=\"0388f07\" data-img-accordion-type=\"on-hover\">\n                    \n            <div class=\"eael-image-accordion-hover eael-image-accordion-item\" style=\"background-image: url(https:\/\/visitkarun.com\/wp-content\/uploads\/2019\/02\/Humar_sobe_011-squashed.jpg);\"  tabindex=\"0\">\n                <div class=\"overlay\">\n                                        <div class=\"overlay-inner \">\n                        <a href=\"https:\/\/visitkarun.com\/double-room\/\"><h2 class=\"img-accordion-title\">DVOPOSTELJNA SOBA<\/h2><\/a>                            <p><p>Velikost: 18 m\u00b2<br \/>\u0160t. postelj: 2<\/p>\n<\/p>\n                                            <\/div>\n                <\/div>\n            <\/div>\n                    \n            <div class=\"eael-image-accordion-hover eael-image-accordion-item\" style=\"background-image: url(https:\/\/visitkarun.com\/wp-content\/uploads\/2019\/02\/Humar_sobe_017-squashed.jpg);\"  tabindex=\"0\">\n                <div class=\"overlay\">\n                                        <div class=\"overlay-inner \">\n                        <a href=\"https:\/\/visitkarun.com\/double-room-with-balcony\/\"><h2 class=\"img-accordion-title\">DVOPOSTELJNA SOBA Z BALKONOM<\/h2><\/a>                            <p><p>Velikost: 19 m\u00b2<br \/>\u0160t. postelj: 2<\/p>\n<\/p>\n                                            <\/div>\n                <\/div>\n            <\/div>\n                <\/div>\n        <style typr=\"text\/css\">\n                    #eael-img-accordion-0388f07 .eael-image-accordion-hover:hover {\n                        flex: 3 1 0% !important;\n                    }\n                    #eael-img-accordion-0388f07 .eael-image-accordion-hover:hover:hover .overlay-inner * {\n                        opacity: 1;\n                        visibility: visible;\n                        transform: none;\n                        transition: all .3s .3s;\n                    }\n                <\/style>\t\t\t\t<\/div>\n\t\t\t\t<\/div>\n\t\t\t\t\t<\/div>\n\t\t<\/div>\n\t\t\t\t\t<\/div>\n\t\t<\/section>\n\t\t\t\t<section class=\"elementor-section elementor-top-section elementor-element elementor-element-accf623 elementor-section-boxed elementor-section-height-default elementor-section-height-default\" data-id=\"accf623\" data-element_type=\"section\" data-e-type=\"section\">\n\t\t\t\t\t\t<div class=\"elementor-container elementor-column-gap-default\">\n\t\t\t\t\t<div class=\"elementor-column elementor-col-100 elementor-top-column elementor-element elementor-element-42c0ac6\" data-id=\"42c0ac6\" data-element_type=\"column\" data-e-type=\"column\">\n\t\t\t<div class=\"elementor-widget-wrap elementor-element-populated\">\n\t\t\t\t\t\t<div class=\"elementor-element elementor-element-c6563d4 elementor-widget elementor-widget-image\" data-id=\"c6563d4\" data-element_type=\"widget\" data-e-type=\"widget\" data-widget_type=\"image.default\">\n\t\t\t\t<div class=\"elementor-widget-container\">\n\t\t\t\t\t\t\t\t\t\t\t\t\t\t\t<img loading=\"lazy\" decoding=\"async\" width=\"300\" height=\"111\" src=\"https:\/\/visitkarun.com\/wp-content\/uploads\/2018\/11\/logo_raw-300x111.png\" class=\"attachment-medium size-medium wp-image-785\" alt=\"\" srcset=\"https:\/\/visitkarun.com\/wp-content\/uploads\/2018\/11\/logo_raw-300x111.png 300w, https:\/\/visitkarun.com\/wp-content\/uploads\/2018\/11\/logo_raw-768x284.png 768w, https:\/\/visitkarun.com\/wp-content\/uploads\/2018\/11\/logo_raw-1024x379.png 1024w, https:\/\/visitkarun.com\/wp-content\/uploads\/2018\/11\/logo_raw-600x222.png 600w\" sizes=\"(max-width: 300px) 100vw, 300px\" title=\"\">\t\t\t\t\t\t\t\t\t\t\t\t\t\t\t<\/div>\n\t\t\t\t<\/div>\n\t\t\t\t\t<\/div>\n\t\t<\/div>\n\t\t\t\t\t<\/div>\n\t\t<\/section>\n\t\t\t\t<\/div>\n\t\t","protected":false},"excerpt":{"rendered":"<p>Nastanitev Bed &amp; Breakfast Karun je opremljena v sodobnem rustikalnem stilu. Pohi\u0161tvo iz hrastovega lesa in tople barve, \u0161e posebej temno rde\u010de-rjava barva, so &#8220;rde\u010da nit&#8221; na\u0161e nastanitve. S tem korporativnim dizajnom \u017eelimo dose\u010di, da se po\u010dutite doma\u010de in spro\u0161\u010deno. Razpolagamo z desetimi dvoposteljnimi sobami in \u0161tirimi enoposteljnimi sobami. V sobo se lahko po potrebi [&hellip;]<\/p>\n","protected":false},"author":6,"featured_media":0,"parent":0,"menu_order":12,"comment_status":"closed","ping_status":"open","template":"","meta":{"footnotes":""},"class_list":["post-1546","page","type-page","status-publish","hentry"],"_links":{"self":[{"href":"https:\/\/visitkarun.com\/sl\/wp-json\/wp\/v2\/pages\/1546","targetHints":{"allow":["GET"]}}],"collection":[{"href":"https:\/\/visitkarun.com\/sl\/wp-json\/wp\/v2\/pages"}],"about":[{"href":"https:\/\/visitkarun.com\/sl\/wp-json\/wp\/v2\/types\/page"}],"author":[{"embeddable":true,"href":"https:\/\/visitkarun.com\/sl\/wp-json\/wp\/v2\/users\/6"}],"replies":[{"embeddable":true,"href":"https:\/\/visitkarun.com\/sl\/wp-json\/wp\/v2\/comments?post=1546"}],"version-history":[{"count":0,"href":"https:\/\/visitkarun.com\/sl\/wp-json\/wp\/v2\/pages\/1546\/revisions"}],"wp:attachment":[{"href":"https:\/\/visitkarun.com\/sl\/wp-json\/wp\/v2\/media?parent=1546"}],"curies":[{"name":"wp","href":"https:\/\/api.w.org\/{rel}","templated":true}]}}