{"id":1551,"date":"2018-03-03T15:58:22","date_gmt":"2018-03-03T14:58:22","guid":{"rendered":"http:\/\/212.44.102.177\/~visitkarun\/?page_id=1551"},"modified":"2024-11-15T13:36:20","modified_gmt":"2024-11-15T12:36:20","slug":"kontakt","status":"publish","type":"page","link":"https:\/\/visitkarun.com\/sl\/kontakt\/","title":{"rendered":"KONTAKT"},"content":{"rendered":"\t\t<div data-elementor-type=\"wp-post\" data-elementor-id=\"1551\" class=\"elementor elementor-1551 elementor-539\" data-elementor-post-type=\"page\">\n\t\t\t\t\t\t<section class=\"elementor-section elementor-top-section elementor-element elementor-element-8c5bfdc elementor-section-boxed elementor-section-height-default elementor-section-height-default\" data-id=\"8c5bfdc\" data-element_type=\"section\" data-e-type=\"section\">\n\t\t\t\t\t\t<div class=\"elementor-container elementor-column-gap-default\">\n\t\t\t\t\t<div class=\"elementor-column elementor-col-100 elementor-top-column elementor-element elementor-element-aa1e4d3\" data-id=\"aa1e4d3\" data-element_type=\"column\" data-e-type=\"column\">\n\t\t\t<div class=\"elementor-widget-wrap elementor-element-populated\">\n\t\t\t\t\t\t<div class=\"elementor-element elementor-element-7f77653 elementor-widget elementor-widget-image\" data-id=\"7f77653\" data-element_type=\"widget\" data-e-type=\"widget\" data-widget_type=\"image.default\">\n\t\t\t\t<div class=\"elementor-widget-container\">\n\t\t\t\t\t\t\t\t\t\t\t\t\t\t\t<img fetchpriority=\"high\" decoding=\"async\" width=\"800\" height=\"296\" src=\"https:\/\/visitkarun.com\/wp-content\/uploads\/2019\/03\/logo_raw-1-1024x379.png\" class=\"attachment-large size-large wp-image-1794\" alt=\"Logotip B &amp; B Karun\" srcset=\"https:\/\/visitkarun.com\/wp-content\/uploads\/2019\/03\/logo_raw-1-1024x379.png 1024w, https:\/\/visitkarun.com\/wp-content\/uploads\/2019\/03\/logo_raw-1-300x111.png 300w, https:\/\/visitkarun.com\/wp-content\/uploads\/2019\/03\/logo_raw-1-768x284.png 768w\" sizes=\"(max-width: 800px) 100vw, 800px\" title=\"\">\t\t\t\t\t\t\t\t\t\t\t\t\t\t\t<\/div>\n\t\t\t\t<\/div>\n\t\t\t\t\t<\/div>\n\t\t<\/div>\n\t\t\t\t\t<\/div>\n\t\t<\/section>\n\t\t\t\t<section class=\"elementor-section elementor-top-section elementor-element elementor-element-7ce6d59 elementor-section-content-middle elementor-section-boxed elementor-section-height-default elementor-section-height-default\" data-id=\"7ce6d59\" data-element_type=\"section\" data-e-type=\"section\" data-settings=\"{&quot;shape_divider_bottom&quot;:&quot;mountains&quot;}\">\n\t\t\t\t\t<div class=\"elementor-shape elementor-shape-bottom\" aria-hidden=\"true\" data-negative=\"false\">\n\t\t\t<svg xmlns=\"http:\/\/www.w3.org\/2000\/svg\" viewBox=\"0 0 1000 100\" preserveAspectRatio=\"none\">\n\t<path class=\"elementor-shape-fill\" opacity=\"0.33\" d=\"M473,67.3c-203.9,88.3-263.1-34-320.3,0C66,119.1,0,59.7,0,59.7V0h1000v59.7 c0,0-62.1,26.1-94.9,29.3c-32.8,3.3-62.8-12.3-75.8-22.1C806,49.6,745.3,8.7,694.9,4.7S492.4,59,473,67.3z\"\/>\n\t<path class=\"elementor-shape-fill\" opacity=\"0.66\" d=\"M734,67.3c-45.5,0-77.2-23.2-129.1-39.1c-28.6-8.7-150.3-10.1-254,39.1 s-91.7-34.4-149.2,0C115.7,118.3,0,39.8,0,39.8V0h1000v36.5c0,0-28.2-18.5-92.1-18.5C810.2,18.1,775.7,67.3,734,67.3z\"\/>\n\t<path class=\"elementor-shape-fill\" d=\"M766.1,28.9c-200-57.5-266,65.5-395.1,19.5C242,1.8,242,5.4,184.8,20.6C128,35.8,132.3,44.9,89.9,52.5C28.6,63.7,0,0,0,0 h1000c0,0-9.9,40.9-83.6,48.1S829.6,47,766.1,28.9z\"\/>\n<\/svg>\t\t<\/div>\n\t\t\t\t\t<div class=\"elementor-container elementor-column-gap-default\">\n\t\t\t\t\t<div class=\"elementor-column elementor-col-50 elementor-top-column elementor-element elementor-element-0db4009\" data-id=\"0db4009\" data-element_type=\"column\" data-e-type=\"column\">\n\t\t\t<div class=\"elementor-widget-wrap elementor-element-populated\">\n\t\t\t\t\t\t<div class=\"elementor-element elementor-element-64e4183 elementor-widget elementor-widget-heading\" data-id=\"64e4183\" data-element_type=\"widget\" data-e-type=\"widget\" data-widget_type=\"heading.default\">\n\t\t\t\t<div class=\"elementor-widget-container\">\n\t\t\t\t\t<h1 class=\"elementor-heading-title elementor-size-default\">KONTAKTIRAJTE NAS<\/h1>\t\t\t\t<\/div>\n\t\t\t\t<\/div>\n\t\t\t\t<div class=\"elementor-element elementor-element-a3ec8f3 elementor-button-align-stretch elementor-widget elementor-widget-form\" data-id=\"a3ec8f3\" data-element_type=\"widget\" data-e-type=\"widget\" data-settings=\"{&quot;step_next_label&quot;:&quot;Next&quot;,&quot;step_previous_label&quot;:&quot;Previous&quot;,&quot;button_width&quot;:&quot;100&quot;,&quot;step_type&quot;:&quot;number_text&quot;,&quot;step_icon_shape&quot;:&quot;circle&quot;}\" data-widget_type=\"form.default\">\n\t\t\t\t<div class=\"elementor-widget-container\">\n\t\t\t\t\t\t\t<form class=\"elementor-form\" method=\"post\" name=\"Kontakt\" aria-label=\"Kontakt\">\n\t\t\t<input type=\"hidden\" name=\"post_id\" value=\"1551\"\/>\n\t\t\t<input type=\"hidden\" name=\"form_id\" value=\"a3ec8f3\"\/>\n\t\t\t<input type=\"hidden\" name=\"referer_title\" value=\"\" \/>\n\n\t\t\t\n\t\t\t<div class=\"elementor-form-fields-wrapper elementor-labels-\">\n\t\t\t\t\t\t\t\t<div class=\"elementor-field-type-text elementor-field-group elementor-column elementor-field-group-name elementor-col-100 elementor-field-required\">\n\t\t\t\t\t\t\t\t\t\t\t\t<label for=\"form-field-name\" class=\"elementor-field-label elementor-screen-only\">\n\t\t\t\t\t\t\t\tIme\t\t\t\t\t\t\t<\/label>\n\t\t\t\t\t\t\t\t\t\t\t\t\t\t<input size=\"1\" type=\"text\" name=\"form_fields[name]\" id=\"form-field-name\" class=\"elementor-field elementor-size-sm  elementor-field-textual\" placeholder=\"Ime\" required=\"required\">\n\t\t\t\t\t\t\t\t\t\t\t<\/div>\n\t\t\t\t\t\t\t\t<div class=\"elementor-field-type-email elementor-field-group elementor-column elementor-field-group-email elementor-col-100 elementor-field-required\">\n\t\t\t\t\t\t\t\t\t\t\t\t<label for=\"form-field-email\" class=\"elementor-field-label elementor-screen-only\">\n\t\t\t\t\t\t\t\tE-po\u0161ta\t\t\t\t\t\t\t<\/label>\n\t\t\t\t\t\t\t\t\t\t\t\t\t\t<input size=\"1\" type=\"email\" name=\"form_fields[email]\" id=\"form-field-email\" class=\"elementor-field elementor-size-sm  elementor-field-textual\" placeholder=\"E-po\u0161ta\" required=\"required\">\n\t\t\t\t\t\t\t\t\t\t\t<\/div>\n\t\t\t\t\t\t\t\t<div class=\"elementor-field-type-textarea elementor-field-group elementor-column elementor-field-group-message elementor-col-100\">\n\t\t\t\t\t\t\t\t\t\t\t\t<label for=\"form-field-message\" class=\"elementor-field-label elementor-screen-only\">\n\t\t\t\t\t\t\t\tSporo\u010dilo\t\t\t\t\t\t\t<\/label>\n\t\t\t\t\t\t<textarea class=\"elementor-field-textual elementor-field  elementor-size-sm\" name=\"form_fields[message]\" id=\"form-field-message\" rows=\"4\" placeholder=\"Sporo\u010dilo\"><\/textarea>\t\t\t\t<\/div>\n\t\t\t\t\t\t\t\t<div class=\"elementor-field-group elementor-column elementor-field-type-submit elementor-col-100 e-form__buttons\">\n\t\t\t\t\t<button class=\"elementor-button elementor-size-sm\" type=\"submit\">\n\t\t\t\t\t\t<span class=\"elementor-button-content-wrapper\">\n\t\t\t\t\t\t\t\t\t\t\t\t\t\t\t\t\t\t\t\t\t\t<span class=\"elementor-button-text\">Po\u0161lji<\/span>\n\t\t\t\t\t\t\t\t\t\t\t\t\t<\/span>\n\t\t\t\t\t<\/button>\n\t\t\t\t<\/div>\n\t\t\t<\/div>\n\t\t<\/form>\n\t\t\t\t\t\t<\/div>\n\t\t\t\t<\/div>\n\t\t\t\t\t<\/div>\n\t\t<\/div>\n\t\t\t\t<div class=\"elementor-column elementor-col-50 elementor-top-column elementor-element elementor-element-89d7576\" data-id=\"89d7576\" data-element_type=\"column\" data-e-type=\"column\">\n\t\t\t<div class=\"elementor-widget-wrap elementor-element-populated\">\n\t\t\t\t\t\t<div class=\"elementor-element elementor-element-5c5911e elementor-widget elementor-widget-text-editor\" data-id=\"5c5911e\" data-element_type=\"widget\" data-e-type=\"widget\" data-widget_type=\"text-editor.default\">\n\t\t\t\t<div class=\"elementor-widget-container\">\n\t\t\t\t\t\t\t\t\t<p>Naslov: <a href=\"https:\/\/www.google.com\/maps\/place\/P%C5%A1eni%C4%8Dna+Polica+11,+4207+Cerklje+na+Gorenjskem\/@46.2479811,14.4968667,17z\/data=!3m1!4b1!4m5!3m4!1s0x477ab5b4925814ff:0x7367fbf225d9a8df!8m2!3d46.2479774!4d14.4990554\" rel=\"nofollow noopener\" target=\"_blank\"><b>P\u0161eni\u010dna Polica 11<br \/>4207 Cerklje na Gorenjskem<\/b><\/a><\/p>\n<p>Geolokacija: <a href=\"https:\/\/www.google.com\/maps\/place\/P%C5%A1eni%C4%8Dna+Polica+11,+4207+Cerklje+na+Gorenjskem\/@46.2479811,14.4968667,17z\/data=!3m1!4b1!4m5!3m4!1s0x477ab5b4925814ff:0x7367fbf225d9a8df!8m2!3d46.2479774!4d14.4990554\" rel=\"nofollow noopener\" target=\"_blank\"><b>46\u00b014&#8217;53.3&#8243; N, 14\u00b029&#8217;56.5&#8243; E<\/b><\/a><\/p>\n<p>E-po\u0161ta: <a href=\"mailto:info@visitkarun.com\"><b>info@visitkarun.com<\/b><\/a><\/p>\n<p>Telefon: <a href=\"tel:+38664287007\"><b>+386 64 287 007<\/b><\/a><\/p>\n\t\t\t\t\t\t\t\t<\/div>\n\t\t\t\t<\/div>\n\t\t\t\t<div class=\"elementor-element elementor-element-5f51786 elementor-shape-circle e-grid-align-left elementor-grid-0 elementor-widget elementor-widget-social-icons\" data-id=\"5f51786\" data-element_type=\"widget\" data-e-type=\"widget\" data-widget_type=\"social-icons.default\">\n\t\t\t\t<div class=\"elementor-widget-container\">\n\t\t\t\t\t\t\t<div class=\"elementor-social-icons-wrapper elementor-grid\" role=\"list\">\n\t\t\t\t\t\t\t<span class=\"elementor-grid-item\" role=\"listitem\">\n\t\t\t\t\t<a class=\"elementor-icon elementor-social-icon elementor-social-icon-facebook-f elementor-repeater-item-8fb5303\" href=\"https:\/\/www.facebook.com\/bedandbreakfastkarun\" target=\"_blank\" rel=\"nofollow noopener\">\n\t\t\t\t\t\t<span class=\"elementor-screen-only\">Facebook-f<\/span>\n\t\t\t\t\t\t<i aria-hidden=\"true\" class=\"fab fa-facebook-f\"><\/i>\t\t\t\t\t<\/a>\n\t\t\t\t<\/span>\n\t\t\t\t\t\t\t<span class=\"elementor-grid-item\" role=\"listitem\">\n\t\t\t\t\t<a class=\"elementor-icon elementor-social-icon elementor-social-icon-whatsapp elementor-repeater-item-5f27d15\" href=\"tel:+38664287007\" target=\"_blank\">\n\t\t\t\t\t\t<span class=\"elementor-screen-only\">Whatsapp<\/span>\n\t\t\t\t\t\t<i aria-hidden=\"true\" class=\"fab fa-whatsapp\"><\/i>\t\t\t\t\t<\/a>\n\t\t\t\t<\/span>\n\t\t\t\t\t\t\t<span class=\"elementor-grid-item\" role=\"listitem\">\n\t\t\t\t\t<a class=\"elementor-icon elementor-social-icon elementor-social-icon-envelope elementor-repeater-item-57a6623\" href=\"http:\/\/info@visitkarun.com\" target=\"_blank\">\n\t\t\t\t\t\t<span class=\"elementor-screen-only\">Envelope<\/span>\n\t\t\t\t\t\t<i aria-hidden=\"true\" class=\"fas fa-envelope\"><\/i>\t\t\t\t\t<\/a>\n\t\t\t\t<\/span>\n\t\t\t\t\t<\/div>\n\t\t\t\t\t\t<\/div>\n\t\t\t\t<\/div>\n\t\t\t\t\t<\/div>\n\t\t<\/div>\n\t\t\t\t\t<\/div>\n\t\t<\/section>\n\t\t\t\t<section class=\"elementor-section elementor-top-section elementor-element elementor-element-92d8e3f elementor-section-boxed elementor-section-height-default elementor-section-height-default\" data-id=\"92d8e3f\" data-element_type=\"section\" data-e-type=\"section\" data-settings=\"{&quot;background_background&quot;:&quot;classic&quot;}\">\n\t\t\t\t\t\t<div class=\"elementor-container elementor-column-gap-default\">\n\t\t\t\t\t<div class=\"elementor-column elementor-col-50 elementor-top-column elementor-element elementor-element-0e99bf2\" data-id=\"0e99bf2\" data-element_type=\"column\" data-e-type=\"column\">\n\t\t\t<div class=\"elementor-widget-wrap elementor-element-populated\">\n\t\t\t\t\t\t<div class=\"elementor-element elementor-element-7d68eca elementor-widget elementor-widget-text-editor\" data-id=\"7d68eca\" data-element_type=\"widget\" data-e-type=\"widget\" data-widget_type=\"text-editor.default\">\n\t\t\t\t<div class=\"elementor-widget-container\">\n\t\t\t\t\t\t\t\t\t<p><strong>Oddaljenost od nekaterih krajev v Sloveniji<\/strong>:<\/p>\n<ul>\n<li>Letali\u0161\u010de Jo\u017eeta Pu\u010dnika &#8211; 5,5 km<\/li>\n<li>Smu\u010di\u0161\u010de Krvavec &#8211; 5,5 km<\/li>\n<li>Ljubljana \u2013 26 km<\/li>\n<li>Kranj \u2013 13 km<\/li>\n<li>Bled \u2013 38 km<\/li>\n<li>Kamnik \u2013 14 km<\/li>\n<li>Kranjska Gora \u2013 69 km<\/li>\n<\/ul>\n<p><strong>Oddaljenost od nekaterih evropskih mest<\/strong>:<\/p>\n<ul>\n<li>Celovec \u2013 110 km<\/li>\n<li>Trst \u2013 120 km<\/li>\n<li>Gradec \u2013 198 km<\/li>\n<li>Zagreb \u2013 169 km<\/li>\n<li>M\u00fcnchen \u2013 390 km<\/li>\n<li>Benetke \u2013 265 km<\/li>\n<\/ul>\n\t\t\t\t\t\t\t\t<\/div>\n\t\t\t\t<\/div>\n\t\t\t\t<div class=\"elementor-element elementor-element-e80e104 elementor-widget elementor-widget-text-editor\" data-id=\"e80e104\" data-element_type=\"widget\" data-e-type=\"widget\" data-widget_type=\"text-editor.default\">\n\t\t\t\t<div class=\"elementor-widget-container\">\n\t\t\t\t\t\t\t\t\t<p><b>Pomembne povezave:<\/b><\/p>\n<ul>\n<li><a style=\"font-size: 1rem;\" href=\"https:\/\/www.tourism-cerklje.si\/en\" rel=\"nofollow noopener\" target=\"_blank\">Cerklje na Gorenjskem<\/a><\/li>\n<li><a href=\"https:\/\/www.tourism-cerklje.si\/documents\/ztcerklje\/01_cerklje\/ang_katalog_znamenitosti_web.pdf\" rel=\"nofollow noopener\" target=\"_blank\">Znamenitosti in aktivnosti Cerklje na Gorenjskem<\/a><\/li>\n<li><a href=\"http:\/\/www.rtc-krvavec.si\/en\/planning-a-visit\/webcams?requireHttp=true\" rel=\"nofollow noopener\" target=\"_blank\">Spletne kamere na Krvavcu<\/a><\/li>\n<li><a href=\"https:\/\/www.alpetour.si\/en\/public-transport\/bus-schedule-browser\/\" rel=\"nofollow noopener\" target=\"_blank\">Avtobus<\/a><\/li>\n<li><a href=\"https:\/\/wego.here.com\/?cid=ovimaps-fw-ilc-na-acq-na-map24-uk-na-1&amp;map=46,15,10,normal&amp;x=ep\" rel=\"nofollow noopener\" target=\"_blank\">Na\u010drtovalec potovanja<\/a><\/li>\n<li><a href=\"https:\/\/www.fraport-slovenija.si\/en\/Main\" rel=\"nofollow noopener\" target=\"_blank\">Letali\u0161\u010de Jo\u017eeta Pu\u010dnika Ljubljana<\/a><\/li>\n<li><a href=\"https:\/\/www.bergfex.com\/sommer\/cerklje-na-gorenjskem\/wetter\/\" rel=\"nofollow noopener\" target=\"_blank\">Vreme Cerklje na Gorenjskem<\/a><\/li>\n<\/ul>\n\t\t\t\t\t\t\t\t<\/div>\n\t\t\t\t<\/div>\n\t\t\t\t\t<\/div>\n\t\t<\/div>\n\t\t\t\t<div class=\"elementor-column elementor-col-50 elementor-top-column elementor-element elementor-element-2b73890\" data-id=\"2b73890\" data-element_type=\"column\" data-e-type=\"column\">\n\t\t\t<div class=\"elementor-widget-wrap elementor-element-populated\">\n\t\t\t\t\t\t<div class=\"elementor-element elementor-element-3714f1b elementor-widget elementor-widget-text-editor\" data-id=\"3714f1b\" data-element_type=\"widget\" data-e-type=\"widget\" data-widget_type=\"text-editor.default\">\n\t\t\t\t<div class=\"elementor-widget-container\">\n\t\t\t\t\t\t\t\t\t<h2>KAKO DO NAS (z avtomobilom)<\/h2>\n<div> <\/div>\n<p><strong>Z avtoceste Ljubljana \u2013 Jesenice se usmerite na izvoz Vodice<\/strong>, nato pa z vo\u017enjo nadaljujte do prvega semaforiziranega kri\u017ei\u0161\u010da v Vodicah, kjer nadaljujete levo v smeri Cerkelj na Gorenjskem in Brnika. Ko prispete do glavnega kro\u017ei\u0161\u010da na Spodnjem Brniku z vo\u017enjo nadaljujte v smeri Cerkelj in smu\u010di\u0161\u010da Krvavec. V prvem kri\u017ei\u0161\u010du v Cerkljah zavijete desno (P\u0161eni\u010dna Polica) in nato peljite \u0161e slab kilometer do vasi P\u0161eni\u010dna Polica. Prednostna cesta zavije desno, vi pa nadaljujte naravnost, kjer boste nasproti avtobusne postaje na levi strani, zagledali na\u0161o nastanitev.<\/p>\n<p><strong>Z avtoceste Jesenice \u2013 Ljubljana se usmerite na izvoz Kranj \u2013 vzhod<\/strong>, nato pa z vo\u017enjo nadaljujte proti Brniku, Komendi in Meng\u0161u. Ko prispete do glavnega kro\u017ei\u0161\u010da na Spodnjem Brniku z vo\u017enjo nadaljujte v smeri Cerkelj in smu\u010di\u0161\u010da Krvavec. V prvem kri\u017ei\u0161\u010du v Cerkljah zavijete desno (P\u0161eni\u010dna Polica) in nato peljite \u0161e slab kilometer do vasi P\u0161eni\u010dna Polica. Prednostna cesta zavije desno, vi pa nadaljujte naravnost, kjer boste nasproti avtobusne postaje na levi strani, zagledali na\u0161o nastanitev.<\/p>\n<p><strong>Iz Letali\u0161\u010da Jo\u017eeta Pu\u010dnika v kri\u017ei\u0161\u010du zavijte levo<\/strong> in na prvem kro\u017ei\u0161\u010du nadaljujte naravnost. Na drugem kro\u017ei\u0161\u010du izberete prvi izvoz v smeri Meng\u0161a. Na naslednjem kro\u017ei\u0161\u010du izberite tretji izvoz, smer Va\u0161ca in peljite 3 kilometre do kri\u017ei\u0161\u010da v Cerkljah kjer pot nadaljujete naravnost in \u010dez en kilometer prispete v vas P\u0161eni\u010dna Polica. Prednostna cesta zavije desno, vi pa nadaljujte naravnost, kjer boste nasproti avtobusne postaje na levi strani, zagledali na\u0161o nastanitev. Prednostna cesta zavije desno, vi pa nadaljujte naravnost, kjer boste nasproti avtobusne postaje na levi strani, zagledali na\u0161o nastanitev.<\/p>\n\t\t\t\t\t\t\t\t<\/div>\n\t\t\t\t<\/div>\n\t\t\t\t\t<\/div>\n\t\t<\/div>\n\t\t\t\t\t<\/div>\n\t\t<\/section>\n\t\t\t\t<section class=\"elementor-section elementor-top-section elementor-element elementor-element-67a50cc elementor-section-stretched elementor-section-full_width elementor-section-height-min-height elementor-section-height-default elementor-section-items-middle\" data-id=\"67a50cc\" data-element_type=\"section\" data-e-type=\"section\" data-settings=\"{&quot;stretch_section&quot;:&quot;section-stretched&quot;}\">\n\t\t\t\t\t\t<div class=\"elementor-container elementor-column-gap-no\">\n\t\t\t\t\t<div class=\"elementor-column elementor-col-100 elementor-top-column elementor-element elementor-element-4fdfe0f\" data-id=\"4fdfe0f\" data-element_type=\"column\" data-e-type=\"column\">\n\t\t\t<div class=\"elementor-widget-wrap elementor-element-populated\">\n\t\t\t\t\t\t<div class=\"elementor-element elementor-element-2139494 elementor-widget elementor-widget-google_maps\" data-id=\"2139494\" data-element_type=\"widget\" data-e-type=\"widget\" data-widget_type=\"google_maps.default\">\n\t\t\t\t<div class=\"elementor-widget-container\">\n\t\t\t\t\t\t\t<div class=\"elementor-custom-embed\">\n\t\t\t<iframe loading=\"lazy\"\n\t\t\t\t\tsrc=\"https:\/\/maps.google.com\/maps?q=Bed%20%26%20Breakfast%20Karun&#038;t=m&#038;z=10&#038;output=embed&#038;iwloc=near\"\n\t\t\t\t\ttitle=\"Bed &amp; Breakfast Karun\"\n\t\t\t\t\taria-label=\"Bed &amp; Breakfast Karun\"\n\t\t\t><\/iframe>\n\t\t<\/div>\n\t\t\t\t\t\t<\/div>\n\t\t\t\t<\/div>\n\t\t\t\t\t<\/div>\n\t\t<\/div>\n\t\t\t\t\t<\/div>\n\t\t<\/section>\n\t\t\t\t<\/div>\n\t\t","protected":false},"excerpt":{"rendered":"<p>KONTAKTIRAJTE NAS Naslov: P\u0161eni\u010dna Polica 114207 Cerklje na Gorenjskem Geolokacija: 46\u00b014&#8217;53.3&#8243; N, 14\u00b029&#8217;56.5&#8243; E E-po\u0161ta: info@visitkarun.com Telefon: +386 64 287 007 Facebook-f Whatsapp Envelope Oddaljenost od nekaterih krajev v Sloveniji: Letali\u0161\u010de Jo\u017eeta Pu\u010dnika &#8211; 5,5 km Smu\u010di\u0161\u010de Krvavec &#8211; 5,5 km Ljubljana \u2013 26 km Kranj \u2013 13 km Bled \u2013 38 km Kamnik \u2013 [&hellip;]<\/p>\n","protected":false},"author":6,"featured_media":0,"parent":0,"menu_order":27,"comment_status":"closed","ping_status":"open","template":"","meta":{"footnotes":""},"class_list":["post-1551","page","type-page","status-publish","hentry"],"_links":{"self":[{"href":"https:\/\/visitkarun.com\/sl\/wp-json\/wp\/v2\/pages\/1551","targetHints":{"allow":["GET"]}}],"collection":[{"href":"https:\/\/visitkarun.com\/sl\/wp-json\/wp\/v2\/pages"}],"about":[{"href":"https:\/\/visitkarun.com\/sl\/wp-json\/wp\/v2\/types\/page"}],"author":[{"embeddable":true,"href":"https:\/\/visitkarun.com\/sl\/wp-json\/wp\/v2\/users\/6"}],"replies":[{"embeddable":true,"href":"https:\/\/visitkarun.com\/sl\/wp-json\/wp\/v2\/comments?post=1551"}],"version-history":[{"count":0,"href":"https:\/\/visitkarun.com\/sl\/wp-json\/wp\/v2\/pages\/1551\/revisions"}],"wp:attachment":[{"href":"https:\/\/visitkarun.com\/sl\/wp-json\/wp\/v2\/media?parent=1551"}],"curies":[{"name":"wp","href":"https:\/\/api.w.org\/{rel}","templated":true}]}}