{"id":1641,"date":"2018-12-08T23:21:13","date_gmt":"2018-12-08T22:21:13","guid":{"rendered":"http:\/\/212.44.102.177\/~visitkarun\/?page_id=1641"},"modified":"2023-09-17T20:34:56","modified_gmt":"2023-09-17T18:34:56","slug":"dvoposteljna-soba-z-balkonom","status":"publish","type":"page","link":"https:\/\/visitkarun.com\/sl\/sobe\/dvoposteljna-soba-z-balkonom\/","title":{"rendered":"DVOPOSTELJNA SOBA Z BALKONOM"},"content":{"rendered":"\t\t<div data-elementor-type=\"wp-post\" data-elementor-id=\"1641\" class=\"elementor elementor-1641 elementor-1020\" data-elementor-post-type=\"page\">\n\t\t\t\t\t\t<section class=\"elementor-section elementor-top-section elementor-element elementor-element-273cfaa1 elementor-section-boxed elementor-section-height-default elementor-section-height-default\" data-id=\"273cfaa1\" data-element_type=\"section\" data-e-type=\"section\">\n\t\t\t\t\t\t<div class=\"elementor-container elementor-column-gap-default\">\n\t\t\t\t\t<div class=\"elementor-column elementor-col-100 elementor-top-column elementor-element elementor-element-6f6564c1\" data-id=\"6f6564c1\" data-element_type=\"column\" data-e-type=\"column\">\n\t\t\t<div class=\"elementor-widget-wrap elementor-element-populated\">\n\t\t\t\t\t\t<div class=\"elementor-element elementor-element-57e475c7 elementor-widget elementor-widget-heading\" data-id=\"57e475c7\" data-element_type=\"widget\" data-e-type=\"widget\" data-widget_type=\"heading.default\">\n\t\t\t\t<div class=\"elementor-widget-container\">\n\t\t\t\t\t<h2 class=\"elementor-heading-title elementor-size-default\">DVOPOSTELJNA SOBA Z BALKONOM<\/h2>\t\t\t\t<\/div>\n\t\t\t\t<\/div>\n\t\t\t\t<div class=\"elementor-element elementor-element-0ba2f5e elementor-widget elementor-widget-htmega-carousel-addons\" data-id=\"0ba2f5e\" data-element_type=\"widget\" data-e-type=\"widget\" data-widget_type=\"htmega-carousel-addons.default\">\n\t\t\t\t<div class=\"elementor-widget-container\">\n\t\t\t\t\t\n       <div class=\"ht-custom-carousel htmega-carousel-activation htmega-carousel-style-1 htmega-carousel-animation-style-\" dir=\"ltr\" data-settings=\"{&quot;arrows&quot;:false,&quot;arrow_prev_txt&quot;:&quot;&quot;,&quot;arrow_next_txt&quot;:&quot;&quot;,&quot;dots&quot;:false,&quot;autoplay&quot;:true,&quot;autoplay_speed&quot;:2000,&quot;animation_speed&quot;:1000,&quot;pause_on_hover&quot;:false,&quot;center_mode&quot;:true,&quot;vertical_mode&quot;:false,&quot;center_padding&quot;:&quot;0px&quot;,&quot;display_columns&quot;:3,&quot;scroll_columns&quot;:1,&quot;tablet_width&quot;:1024,&quot;tablet_display_columns&quot;:2,&quot;tablet_scroll_columns&quot;:2,&quot;mobile_width&quot;:480,&quot;mobile_display_columns&quot;:1,&quot;mobile_scroll_columns&quot;:1}\" style=\"display:none\">\n\n                            <div class=\"single-custom-carousel htmega-data-title\" data-title=\"\">\n                                            <img decoding=\"async\" src=\"https:\/\/visitkarun.com\/wp-content\/uploads\/elementor\/thumbs\/Humar_sobe_018-q0u7y2p8dg9kai4ywksourlwub8gft952mbil7f7p4.jpg\" title=\"\" alt=\"\" loading=\"lazy\">                                    <\/div>\n                            <div class=\"single-custom-carousel htmega-data-title\" data-title=\"\">\n                                            <img decoding=\"async\" src=\"https:\/\/visitkarun.com\/wp-content\/uploads\/elementor\/thumbs\/Humar_sobe_017-q0u7yli064zaqpdnusx88mv4q0nsprbrt7d86qnc8o.jpg\" title=\"\" alt=\"\" loading=\"lazy\">                                    <\/div>\n                            <div class=\"single-custom-carousel htmega-data-title\" data-title=\"\">\n                                            <img decoding=\"async\" src=\"https:\/\/visitkarun.com\/wp-content\/uploads\/elementor\/thumbs\/Humar_sobe_011-q0u8009af6ws5nbxmev2za20stpm9exa06lg3ok2wo.jpg\" title=\"\" alt=\"\" loading=\"lazy\">                                    <\/div>\n                            <div class=\"single-custom-carousel htmega-data-title\" data-title=\"\">\n                                            <img decoding=\"async\" src=\"https:\/\/visitkarun.com\/wp-content\/uploads\/elementor\/thumbs\/Humar_sobe_014-q0u7z8zywzvgsyfj1l2wgyxnknfz26x28fod6nohx4.jpg\" title=\"\" alt=\"\" loading=\"lazy\">                                    <\/div>\n                            <div class=\"single-custom-carousel htmega-data-title\" data-title=\"\">\n                                            <img decoding=\"async\" src=\"https:\/\/visitkarun.com\/wp-content\/uploads\/elementor\/thumbs\/Humar_sobe_022-q0u7wya67kq8f9roglbqdjt3aqro8tsol29myb354o.jpg\" title=\"\" alt=\"\" loading=\"lazy\">                                    <\/div>\n                            <div class=\"single-custom-carousel htmega-data-title\" data-title=\"\">\n                                            <img decoding=\"async\" src=\"https:\/\/visitkarun.com\/wp-content\/uploads\/elementor\/thumbs\/Humar_sobe_020-q0u7xi0s73h972z09buwbwtrru2dqgz1nryu149vi0.jpg\" title=\"\" alt=\"\" loading=\"lazy\">                                    <\/div>\n            \n        <\/div>\n\n        \t\t\t\t<\/div>\n\t\t\t\t<\/div>\n\t\t\t\t<section class=\"elementor-section elementor-inner-section elementor-element elementor-element-66d0a38c elementor-section-boxed elementor-section-height-default elementor-section-height-default\" data-id=\"66d0a38c\" data-element_type=\"section\" data-e-type=\"section\">\n\t\t\t\t\t\t<div class=\"elementor-container elementor-column-gap-default\">\n\t\t\t\t\t<div class=\"elementor-column elementor-col-50 elementor-inner-column elementor-element elementor-element-163a3d40\" data-id=\"163a3d40\" data-element_type=\"column\" data-e-type=\"column\">\n\t\t\t<div class=\"elementor-widget-wrap elementor-element-populated\">\n\t\t\t\t\t\t<div class=\"elementor-element elementor-element-c55b24b elementor-widget elementor-widget-text-editor\" data-id=\"c55b24b\" data-element_type=\"widget\" data-e-type=\"widget\" data-widget_type=\"text-editor.default\">\n\t\t\t\t<div class=\"elementor-widget-container\">\n\t\t\t\t\t\t\t\t\t<h3>Velikost: 19m\u00b2<\/h3>\n<div> <\/div>\n<div>Opremljenost:<\/div>\n<ul>\n<li>pisalna miza in stol,<\/li>\n<li>centralno ogrevanje,<\/li>\n<li>lastna kopalnica s tu\u0161em in WC,<\/li>\n<li>su\u0161ilec za lase,<\/li>\n<li>TV z ravnim zaslonom,<\/li>\n<li>brezpla\u010den Wi-Fi,<\/li>\n<li>dostop do sobe je mo\u017een z dvigalom.<\/li>\n<\/ul>\n\t\t\t\t\t\t\t\t<\/div>\n\t\t\t\t<\/div>\n\t\t\t\t\t<\/div>\n\t\t<\/div>\n\t\t\t\t<div class=\"elementor-column elementor-col-50 elementor-inner-column elementor-element elementor-element-6513e43d\" data-id=\"6513e43d\" data-element_type=\"column\" data-e-type=\"column\">\n\t\t\t<div class=\"elementor-widget-wrap elementor-element-populated\">\n\t\t\t\t\t\t<div class=\"elementor-element elementor-element-2ef6eb6d elementor-widget elementor-widget-text-editor\" data-id=\"2ef6eb6d\" data-element_type=\"widget\" data-e-type=\"widget\" data-widget_type=\"text-editor.default\">\n\t\t\t\t<div class=\"elementor-widget-container\">\n\t\t\t\t\t\t\t\t\t<h2>Pogoji:<\/h2>\n<p>Cena je za sobo na no\u010d, vklju\u010dno z 9,5% DDV in brez turisti\u010dne takse 1,27 EUR na osebo.<br \/>Rezervacijo potrdite s kreditno kartico. V primeru, da ne pridete, vam bomo zara\u010dunali 1 dan.<br \/>Rezervacijo lahko brez stro\u0161kov odpoveste:<\/p>\n<ul>\n<li>1 dan pred prihodom do 16.00<\/li>\n<\/ul>\n\t\t\t\t\t\t\t\t<\/div>\n\t\t\t\t<\/div>\n\t\t\t\t\t<\/div>\n\t\t<\/div>\n\t\t\t\t\t<\/div>\n\t\t<\/section>\n\t\t\t\t\t<\/div>\n\t\t<\/div>\n\t\t\t\t\t<\/div>\n\t\t<\/section>\n\t\t\t\t<section class=\"elementor-section elementor-top-section elementor-element elementor-element-165de16 elementor-section-boxed elementor-section-height-default elementor-section-height-default\" data-id=\"165de16\" data-element_type=\"section\" data-e-type=\"section\">\n\t\t\t\t\t\t<div class=\"elementor-container elementor-column-gap-default\">\n\t\t\t\t\t<div class=\"elementor-column elementor-col-100 elementor-top-column elementor-element elementor-element-735ca95\" data-id=\"735ca95\" data-element_type=\"column\" data-e-type=\"column\">\n\t\t\t<div class=\"elementor-widget-wrap elementor-element-populated\">\n\t\t\t\t\t\t<div class=\"elementor-element elementor-element-ce543cd elementor-widget elementor-widget-global elementor-global-2688 elementor-global-2658 elementor-widget-html\" data-id=\"ce543cd\" data-element_type=\"widget\" data-e-type=\"widget\" data-widget_type=\"html.default\">\n\t\t\t\t<div class=\"elementor-widget-container\">\n\t\t\t\t\t<script src=\"\/\/www.bentral.com\/service\/embed\/booking.js?id=5f4445344e675f4e&title=0&width=full&poweredby=0&lang=sl&key=3b7bce770ba54bc633df491989ab4e92\"><\/script>\t\t\t\t<\/div>\n\t\t\t\t<\/div>\n\t\t\t\t\t<\/div>\n\t\t<\/div>\n\t\t\t\t\t<\/div>\n\t\t<\/section>\n\t\t\t\t<\/div>\n\t\t","protected":false},"excerpt":{"rendered":"<p>Velikost: 19m\u00b2 Opremljenost: pisalna miza in stol, centralno ogrevanje, lastna kopalnica s tu\u0161em in WC, su\u0161ilec za lase, TV z ravnim zaslonom, brezpla\u010den Wi-Fi, dostop do sobe je mo\u017een z dvigalom. Pogoji: Cena je za sobo na no\u010d, vklju\u010dno z 9,5% DDV in brez turisti\u010dne takse 1,27 EUR na osebo.Rezervacijo potrdite s kreditno kartico. V [&hellip;]<\/p>\n","protected":false},"author":6,"featured_media":0,"parent":1546,"menu_order":16,"comment_status":"closed","ping_status":"open","template":"","meta":{"footnotes":""},"class_list":["post-1641","page","type-page","status-publish","hentry"],"_links":{"self":[{"href":"https:\/\/visitkarun.com\/sl\/wp-json\/wp\/v2\/pages\/1641","targetHints":{"allow":["GET"]}}],"collection":[{"href":"https:\/\/visitkarun.com\/sl\/wp-json\/wp\/v2\/pages"}],"about":[{"href":"https:\/\/visitkarun.com\/sl\/wp-json\/wp\/v2\/types\/page"}],"author":[{"embeddable":true,"href":"https:\/\/visitkarun.com\/sl\/wp-json\/wp\/v2\/users\/6"}],"replies":[{"embeddable":true,"href":"https:\/\/visitkarun.com\/sl\/wp-json\/wp\/v2\/comments?post=1641"}],"version-history":[{"count":0,"href":"https:\/\/visitkarun.com\/sl\/wp-json\/wp\/v2\/pages\/1641\/revisions"}],"up":[{"embeddable":true,"href":"https:\/\/visitkarun.com\/sl\/wp-json\/wp\/v2\/pages\/1546"}],"wp:attachment":[{"href":"https:\/\/visitkarun.com\/sl\/wp-json\/wp\/v2\/media?parent=1641"}],"curies":[{"name":"wp","href":"https:\/\/api.w.org\/{rel}","templated":true}]}}